{"id":150,"date":"2024-04-15T07:22:37","date_gmt":"2024-04-15T07:22:37","guid":{"rendered":"http:\/\/localhost\/dpn-ferizaj\/?page_id=150"},"modified":"2024-10-28T14:07:47","modified_gmt":"2024-10-28T13:07:47","slug":"news","status":"publish","type":"page","link":"https:\/\/amkmk.rks-gov.net\/en\/news\/","title":{"rendered":"News"},"content":{"rendered":"\t\t<div data-elementor-type=\"wp-page\" data-elementor-id=\"150\" class=\"elementor elementor-150\" data-elementor-post-type=\"page\">\n\t\t\t\t<div class=\"elementor-element elementor-element-273d654 e-con-full page-container e-flex e-con e-child\" data-id=\"273d654\" data-element_type=\"container\" data-e-type=\"container\" data-settings=\"{&quot;background_background&quot;:&quot;classic&quot;}\">\n\t\t<div class=\"elementor-element elementor-element-8cc545a e-con-full sidebar-box e-flex e-con e-child\" data-id=\"8cc545a\" data-element_type=\"container\" data-e-type=\"container\" data-settings=\"{&quot;background_background&quot;:&quot;classic&quot;}\">\n\t\t<div class=\"elementor-element elementor-element-3cab152 e-con-full sidebar-menu e-flex e-con e-child\" data-id=\"3cab152\" data-element_type=\"container\" data-e-type=\"container\">\n\t\t\t\t<div class=\"elementor-element elementor-element-e76f1ca elementor-widget__width-inherit sidebar-menulist elementor-widget elementor-widget-nav-menu\" data-id=\"e76f1ca\" data-element_type=\"widget\" data-e-type=\"widget\" data-settings=\"{&quot;layout&quot;:&quot;dropdown&quot;,&quot;submenu_icon&quot;:{&quot;value&quot;:&quot;&lt;svg aria-hidden=\\&quot;true\\&quot; class=\\&quot;e-font-icon-svg e-fas-angle-down\\&quot; viewBox=\\&quot;0 0 320 512\\&quot; xmlns=\\&quot;http:\\\/\\\/www.w3.org\\\/2000\\\/svg\\&quot;&gt;&lt;path d=\\&quot;M143 352.3L7 216.3c-9.4-9.4-9.4-24.6 0-33.9l22.6-22.6c9.4-9.4 24.6-9.4 33.9 0l96.4 96.4 96.4-96.4c9.4-9.4 24.6-9.4 33.9 0l22.6 22.6c9.4 9.4 9.4 24.6 0 33.9l-136 136c-9.2 9.4-24.4 9.4-33.8 0z\\&quot;&gt;&lt;\\\/path&gt;&lt;\\\/svg&gt;&quot;,&quot;library&quot;:&quot;fa-solid&quot;}}\" data-widget_type=\"nav-menu.default\">\n\t\t\t\t<div class=\"elementor-widget-container\">\n\t\t\t\t\t\t\t\t<nav class=\"elementor-nav-menu--dropdown elementor-nav-menu__container\" aria-hidden=\"true\">\n\t\t\t\t<ul id=\"menu-2-e76f1ca\" class=\"elementor-nav-menu\"><li class=\"menu-item menu-item-type-post_type menu-item-object-page menu-item-60628\"><a href=\"https:\/\/amkmk.rks-gov.net\/lajmet\/\" class=\"elementor-item\" tabindex=\"-1\">News<\/a><\/li>\n<li class=\"menu-item menu-item-type-post_type menu-item-object-page menu-item-61058\"><a href=\"https:\/\/amkmk.rks-gov.net\/ngjarjet\/\" class=\"elementor-item\" tabindex=\"-1\">Events<\/a><\/li>\n<\/ul>\t\t\t<\/nav>\n\t\t\t\t\t\t<\/div>\n\t\t\t\t<\/div>\n\t\t\t\t<\/div>\n\t\t\t\t<\/div>\n\t\t<div class=\"elementor-element elementor-element-519be51 e-con-full e-flex e-con e-child\" data-id=\"519be51\" data-element_type=\"container\" data-e-type=\"container\" data-settings=\"{&quot;background_background&quot;:&quot;classic&quot;}\">\n\t\t\t\t<div class=\"elementor-element elementor-element-890fdb6 elementor-widget elementor-widget-shortcode\" data-id=\"890fdb6\" data-element_type=\"widget\" data-e-type=\"widget\" data-widget_type=\"shortcode.default\">\n\t\t\t\t<div class=\"elementor-widget-container\">\n\t\t\t\t\t\t\t<div class=\"elementor-shortcode\"><div  data-customtpl=\"news-template\" data-perpage=\"12\" data-pt='news' data-taxonomy=\"news-category\" data-yearall=\"All\" data-prefilter=\"\" data-datefield=\"\" class=\"ItemsFilter docs-page docs-pageSection  ItemsFilter-Ajax\" data-type='news'>\n        <div class=\"page-container-docs news-blockList\">\n                <div class=\"ItemsFilter-wrapper flex\">\n                            <div class=\"search-filters-body\">\n                                            <div class=\"search-wrapper\">\n                            <form role=\"search\" method=\"get\" action=\"https:\/\/amkmk.rks-gov.net\/en\/news\/\" id=\"searchform\">\n                                <div class=\"search-grid\">\n                                                                            <div class=\"ItemsFilter-dateFromTo\">\n                                            <input type=\"date\" name=\"date-from\" class=\"input-from\">\n                                            <input type=\"date\" name=\"date-to\" class=\"input-to\">\n                                        <\/div>\n                                                                        <input type=\"text\" class=\"search-input\" name=\"search_text\" placeholder=\"Search...\" value=\"\" \/>\n                                                                        <button type=\"submit\" class=\"btn-searchf\" id=\"searchsubmit\">Search<\/button>\n                                <\/div>\n                                <noscript><input type=\"submit\" value=\"Filter\"><\/noscript>\n                            <\/form>\n                        <\/div>\n                                    <\/div>\n            \n        <\/div>\n\t\t                                          <div id=\"website-loader\" class=\"website-loader\">\n                                                <div class=\"loader-spinner\"><\/div>\n                                        <\/div>\n                        \t\t\t<div class=\"posts-wrapper-inner news-list\">\n                                                <div class=\"ItemsFilter-item item-63268\">\n                        \n<a href=\"https:\/\/amkmk.rks-gov.net\/en\/news\/bashkepunim-institucional-per-dokumentimin-e-viktimave-te-luftes-ne-kosove\/\">\n\n    <div class=\"newsItem-body\">\n\n                    <!-- Optional: Display a fallback image if no featured image -->\n            <div class=\"news-image\">\n                <img decoding=\"async\" src=\"http:\/\/192.168.2.209:100\/dpn-agencytemplate\/wp-content\/uploads\/2025\/05\/abbee1fc031c9af668accbbee24b70813b4fa426.png\" alt=\"Fallback Image\">\n            <\/div>\n        \n        <div class=\"news-textBody\">\n\n            <div class=\"news-title\">\n\n                Bashk\u00ebpunim institucional p\u00ebr dokumentimin e viktimave t\u00eb luft\u00ebs n\u00eb Kosov\u00eb\n            <\/div>\n\n            <div class=\"news-info\">\n\n                <span class=\"news-date\">16\/07\/2025<\/span>\n\n            <\/div>\n\n            <div class=\"news-content\">\n\n                Drejtori i Agjencis\u00eb p\u00ebr Menaxhimin e Monumenteve dhe Komplekseve Memoriale, z. Imer Hakaj, priti n\u00eb takim znj. Arjeta Gashi Gara,...\n            <\/div>\n          \t<div class=\"news-readMore\">\n            <a href=\"https:\/\/amkmk.rks-gov.net\/en\/news\/bashkepunim-institucional-per-dokumentimin-e-viktimave-te-luftes-ne-kosove\/\" class=\"read-more-btn\">\n                Lexo m\u00eb shum\u00eb\n            <\/a>\n        <\/div>\n        <\/div>\n\n    <\/div>\n\n<\/a>                    <\/div>\n                \n                                                <div class=\"ItemsFilter-item item-63272\">\n                        \n<a href=\"https:\/\/amkmk.rks-gov.net\/en\/news\/ammkm-perfundon-punimet-ne-lapidarin-e-deshmoreve-ne-komunen-e-mitrovices\/\">\n\n    <div class=\"newsItem-body\">\n\n                    <!-- Optional: Display a fallback image if no featured image -->\n            <div class=\"news-image\">\n                <img decoding=\"async\" src=\"http:\/\/192.168.2.209:100\/dpn-agencytemplate\/wp-content\/uploads\/2025\/05\/abbee1fc031c9af668accbbee24b70813b4fa426.png\" alt=\"Fallback Image\">\n            <\/div>\n        \n        <div class=\"news-textBody\">\n\n            <div class=\"news-title\">\n\n                AMMKM p\u00ebrfundon punimet n\u00eb lapidarin e d\u00ebshmor\u00ebve n\u00eb komun\u00ebn e Mitrovic\u00ebs\n            <\/div>\n\n            <div class=\"news-info\">\n\n                <span class=\"news-date\">16\/07\/2025<\/span>\n\n            <\/div>\n\n            <div class=\"news-content\">\n\n                Drejtori i AMMKM-s\u00eb, z. Imer Hakaj vizitoi nga af\u00ebr p\u00ebrfundimin e punimeve n\u00eb lapidarin e d\u00ebshmor\u00ebve n\u00eb komun\u00ebn e Mitrovic\u00ebs....\n            <\/div>\n          \t<div class=\"news-readMore\">\n            <a href=\"https:\/\/amkmk.rks-gov.net\/en\/news\/ammkm-perfundon-punimet-ne-lapidarin-e-deshmoreve-ne-komunen-e-mitrovices\/\" class=\"read-more-btn\">\n                Lexo m\u00eb shum\u00eb\n            <\/a>\n        <\/div>\n        <\/div>\n\n    <\/div>\n\n<\/a>                    <\/div>\n                \n                                                <div class=\"ItemsFilter-item item-63266\">\n                        \n<a href=\"https:\/\/amkmk.rks-gov.net\/en\/news\/takim-bashkepunimi-ndermjet-ammkm-se-dhe-ovl-uck-se-dega-ferizaj\/\">\n\n    <div class=\"newsItem-body\">\n\n                    <!-- Optional: Display a fallback image if no featured image -->\n            <div class=\"news-image\">\n                <img decoding=\"async\" src=\"http:\/\/192.168.2.209:100\/dpn-agencytemplate\/wp-content\/uploads\/2025\/05\/abbee1fc031c9af668accbbee24b70813b4fa426.png\" alt=\"Fallback Image\">\n            <\/div>\n        \n        <div class=\"news-textBody\">\n\n            <div class=\"news-title\">\n\n                Takim bashk\u00ebpunimi nd\u00ebrmjet AMMKM-s\u00eb dhe OVL-U\u00c7K-s\u00eb, dega Ferizaj\n            <\/div>\n\n            <div class=\"news-info\">\n\n                <span class=\"news-date\">16\/07\/2025<\/span>\n\n            <\/div>\n\n            <div class=\"news-content\">\n\n                Drejtori i AMMKM-s\u00eb, z. Imer Hakaj bashk\u00eb me stafin, mir\u00ebprit\u00ebn n\u00eb takim Kryetarin e OVL-U\u00c7K-s\u00eb, dega n\u00eb Ferizaj, z. Afrim...\n            <\/div>\n          \t<div class=\"news-readMore\">\n            <a href=\"https:\/\/amkmk.rks-gov.net\/en\/news\/takim-bashkepunimi-ndermjet-ammkm-se-dhe-ovl-uck-se-dega-ferizaj\/\" class=\"read-more-btn\">\n                Lexo m\u00eb shum\u00eb\n            <\/a>\n        <\/div>\n        <\/div>\n\n    <\/div>\n\n<\/a>                    <\/div>\n                \n                                <\/div>\n\t\t        <div class=\"pagination\">\n            <div class='dpn-pagination'>\n                            <\/div>\n        <\/div>\n\t\t\t    <\/div>\n<\/div><\/div>\n\t\t\t\t\t\t<\/div>\n\t\t\t\t<\/div>\n\t\t\t\t<\/div>\n\t\t\t\t<\/div>\n\t\t\t\t<\/div>\n\t\t","protected":false},"excerpt":{"rendered":"","protected":false},"author":7,"featured_media":0,"parent":0,"menu_order":0,"comment_status":"closed","ping_status":"closed","template":"","meta":{"_acf_changed":false,"footnotes":""},"page-category":[],"class_list":["post-150","page","type-page","status-publish","hentry"],"acf":[],"_links":{"self":[{"href":"https:\/\/amkmk.rks-gov.net\/en\/wp-json\/wp\/v2\/pages\/150","targetHints":{"allow":["GET"]}}],"collection":[{"href":"https:\/\/amkmk.rks-gov.net\/en\/wp-json\/wp\/v2\/pages"}],"about":[{"href":"https:\/\/amkmk.rks-gov.net\/en\/wp-json\/wp\/v2\/types\/page"}],"author":[{"embeddable":true,"href":"https:\/\/amkmk.rks-gov.net\/en\/wp-json\/wp\/v2\/users\/7"}],"replies":[{"embeddable":true,"href":"https:\/\/amkmk.rks-gov.net\/en\/wp-json\/wp\/v2\/comments?post=150"}],"version-history":[{"count":0,"href":"https:\/\/amkmk.rks-gov.net\/en\/wp-json\/wp\/v2\/pages\/150\/revisions"}],"wp:attachment":[{"href":"https:\/\/amkmk.rks-gov.net\/en\/wp-json\/wp\/v2\/media?parent=150"}],"wp:term":[{"taxonomy":"page-category","embeddable":true,"href":"https:\/\/amkmk.rks-gov.net\/en\/wp-json\/wp\/v2\/page-category?post=150"}],"curies":[{"name":"wp","href":"https:\/\/api.w.org\/{rel}","templated":true}]}}