{"id":63160,"date":"2025-12-04T09:36:06","date_gmt":"2025-12-04T08:36:06","guid":{"rendered":"https:\/\/amkmk.rks-gov.net\/divizioni-per-teknologji-informative-gis-dhe-sherbime-te-logjistikes\/"},"modified":"2025-12-26T11:01:07","modified_gmt":"2025-12-26T10:01:07","slug":"division-for-information-technology-gis-and-logistics-services","status":"publish","type":"page","link":"https:\/\/amkmk.rks-gov.net\/en\/division-for-information-technology-gis-and-logistics-services\/","title":{"rendered":"Division for Information Technology, GIS and Logistics Services"},"content":{"rendered":"\n<p>1. Detyrat dhe p\u00ebrgjegjesit\u00eb e Divizionit p\u00ebr Teknologji Informative, GIS dhe Sh\u00ebrbime t\u00eb Logjistik\u00ebs jan\u00eb:<\/p>\n\n<p>  1.1. Ofron ndihm\u00eb logjistike p\u00ebr takimet e personelit t\u00eb Agjencis\u00eb;<\/p>\n\n<p>  1.2. Siguron mb\u00ebshtetje n\u00eb fush\u00ebn e teknologjis\u00eb informative;<\/p>\n\n<p>  1.3. Menaxhon inventarin dhe depot\u00eb e Agjencis\u00eb;<\/p>\n\n<p>  1.4. Mir\u00ebmban dhe administron sistemin e rrjetit t\u00eb Agjencis\u00eb, (Internet \u2013 telefon);<\/p>\n\n<p>  1.5. Koordinon pun\u00ebn me zyren e GIS-it p\u00ebr mir\u00ebmbajtje t\u00eb ueb-faqeve dhe lin\u00e7eve;<\/p>\n\n<p>  1.6. Siguron mb\u00ebshtetje teknike p\u00ebr pajisjet e stafit (PC, Server) etj<\/p>\n\n<p>  1.7. Koordinon k\u00ebrkesat dhe nevojat e Agjencis\u00eb p\u00ebr mallra dhe pajisje t\u00eb zyres p\u00ebr pun\u00eb;<\/p>\n\n<p>  1.8. Menaxhon nevojat e transportit dhe automjetet e Agjencis\u00eb;<\/p>\n\n<p>  1.9. Mir\u00ebmban dhe administron sistemin e arkivit t\u00eb Agjencis\u00eb.<\/p>\n\n<p>  1.10. Krijon Gjeo-databaz\u00ebn e t\u00eb dh\u00ebnave<\/p>\n\n<p>  1.11. Azhurnon dhe mban gjeo-databaz\u00ebn e t\u00eb dh\u00ebnave<\/p>\n\n<p>  1.12. Digjitalizimi dhe Vektorizimi i Komplekseve Memoriale t\u00eb Kosov\u00ebs;<\/p>\n\n<p>  1.13. Paraqitjen hartografike t\u00eb tyre (krijimin e hartave sipas nevoj\u00ebs);<\/p>\n\n<p>  1.14. Krijimin dhe mir\u00ebmbajtjen e Web-faqeve dhe web-hartave;<\/p>\n\n<p>  1.15. Bashk\u00ebpunon me departamentet dhe divizionet n\u00eb Agjenci;<\/p>\n\n<p>  1.16. Prezantimin, ose paraqitjen tabelare, vizuale, grafike t\u00eb komplekseve memoriale dhe atributeve t\u00eb tyre specifike;<\/p>\n\n<p>  1.17. Bashk\u00ebpunon n\u00eb p\u00ebrgatitjen dhe hartimin e raporteve, broshurave dhe revistave t\u00eb Agjencis\u00eb.<\/p>\n\n<p>2. Udh\u00ebheq\u00ebsi i Divizionit p\u00ebr TI, GIS dhe Sh\u00ebrbime Logjike, raporton tek Drejtori i Departamentit t\u00eb Financave dhe Sh\u00ebrbimeve t\u00eb P\u00ebrgjithshme.<\/p>\n\n<p>3. Numri i t\u00eb pun\u00ebsuarve n\u00eb Divizionin p\u00ebr TI, GIS dhe Sh\u00ebrbime Logjistike \u00ebsht\u00eb pes\u00eb (5).<\/p>\n","protected":false},"excerpt":{"rendered":"<p>1. Detyrat dhe p\u00ebrgjegjesit\u00eb e Divizionit p\u00ebr Teknologji Informative, GIS dhe Sh\u00ebrbime t\u00eb Logjistik\u00ebs jan\u00eb: 1.1. Ofron ndihm\u00eb logjistike p\u00ebr takimet e personelit t\u00eb Agjencis\u00eb; 1.2. Siguron mb\u00ebshtetje n\u00eb fush\u00ebn e teknologjis\u00eb informative; 1.3. Menaxhon inventarin dhe depot\u00eb e Agjencis\u00eb; 1.4. Mir\u00ebmban dhe administron sistemin e rrjetit t\u00eb Agjencis\u00eb, (Internet \u2013 telefon); 1.5. Koordinon pun\u00ebn [&hellip;]<\/p>\n","protected":false},"author":7,"featured_media":0,"parent":0,"menu_order":0,"comment_status":"closed","ping_status":"closed","template":"","meta":{"_acf_changed":false,"footnotes":""},"page-category":[],"class_list":["post-63160","page","type-page","status-publish","hentry"],"acf":[],"_links":{"self":[{"href":"https:\/\/amkmk.rks-gov.net\/en\/wp-json\/wp\/v2\/pages\/63160","targetHints":{"allow":["GET"]}}],"collection":[{"href":"https:\/\/amkmk.rks-gov.net\/en\/wp-json\/wp\/v2\/pages"}],"about":[{"href":"https:\/\/amkmk.rks-gov.net\/en\/wp-json\/wp\/v2\/types\/page"}],"author":[{"embeddable":true,"href":"https:\/\/amkmk.rks-gov.net\/en\/wp-json\/wp\/v2\/users\/7"}],"replies":[{"embeddable":true,"href":"https:\/\/amkmk.rks-gov.net\/en\/wp-json\/wp\/v2\/comments?post=63160"}],"version-history":[{"count":2,"href":"https:\/\/amkmk.rks-gov.net\/en\/wp-json\/wp\/v2\/pages\/63160\/revisions"}],"predecessor-version":[{"id":63578,"href":"https:\/\/amkmk.rks-gov.net\/en\/wp-json\/wp\/v2\/pages\/63160\/revisions\/63578"}],"wp:attachment":[{"href":"https:\/\/amkmk.rks-gov.net\/en\/wp-json\/wp\/v2\/media?parent=63160"}],"wp:term":[{"taxonomy":"page-category","embeddable":true,"href":"https:\/\/amkmk.rks-gov.net\/en\/wp-json\/wp\/v2\/page-category?post=63160"}],"curies":[{"name":"wp","href":"https:\/\/api.w.org\/{rel}","templated":true}]}}