{"id":63189,"date":"2025-12-04T09:01:55","date_gmt":"2025-12-04T08:01:55","guid":{"rendered":"https:\/\/amkmk.rks-gov.net\/divizioni-per-burime-njerezore\/"},"modified":"2025-12-26T10:58:42","modified_gmt":"2025-12-26T09:58:42","slug":"human-resources-division","status":"publish","type":"page","link":"https:\/\/amkmk.rks-gov.net\/en\/human-resources-division\/","title":{"rendered":"Human Resources Division"},"content":{"rendered":"\n<p>1. Detyrat dhe p\u00ebrgjegj\u00ebsite e Divizionit p\u00ebr Burime Njer\u00ebzore jan\u00eb:<\/p>\n\n<p>1.1. Koordinon planifikimin e burimeve njer\u00ebzore;<\/p>\n\n<p>1.2. Administron rekrutimin e personelit;<\/p>\n\n<p>1.3. Kontribon n\u00eb rritjen e performanc\u00ebs s\u00eb personelit nep\u00ebrmjet motivimit dhe zhvillimit t\u00eb planeve trajnuese;<\/p>\n\n<p>1.4. Siguron zbatimin e procedurave p\u00ebr rekrutim dhe p\u00ebrzgjedhje, disipline, trajtim t\u00eb ankesave, k\u00ebrkesave t\u00eb pushimit, vler\u00ebsimit t\u00eb pun\u00ebs etj.<\/p>\n\n<p>2. Udh\u00ebheqesi i Divizionit p\u00ebr Burime Njer\u00ebzore raporton tek Drejtori i Agjencis\u00eb.<\/p>\n\n<p>3. Numri i t\u00eb pun\u00ebsuarve n\u00eb Divizionin p\u00ebr Burime Njer\u00ebzore \u00ebsht\u00eb tre (3).<\/p>\n","protected":false},"excerpt":{"rendered":"<p>1. Detyrat dhe p\u00ebrgjegj\u00ebsite e Divizionit p\u00ebr Burime Njer\u00ebzore jan\u00eb: 1.1. Koordinon planifikimin e burimeve njer\u00ebzore; 1.2. Administron rekrutimin e personelit; 1.3. Kontribon n\u00eb rritjen e performanc\u00ebs s\u00eb personelit nep\u00ebrmjet motivimit dhe zhvillimit t\u00eb planeve trajnuese; 1.4. Siguron zbatimin e procedurave p\u00ebr rekrutim dhe p\u00ebrzgjedhje, disipline, trajtim t\u00eb ankesave, k\u00ebrkesave t\u00eb pushimit, vler\u00ebsimit t\u00eb pun\u00ebs [&hellip;]<\/p>\n","protected":false},"author":7,"featured_media":0,"parent":0,"menu_order":0,"comment_status":"closed","ping_status":"closed","template":"","meta":{"_acf_changed":false,"footnotes":""},"page-category":[],"class_list":["post-63189","page","type-page","status-publish","hentry"],"acf":[],"_links":{"self":[{"href":"https:\/\/amkmk.rks-gov.net\/en\/wp-json\/wp\/v2\/pages\/63189","targetHints":{"allow":["GET"]}}],"collection":[{"href":"https:\/\/amkmk.rks-gov.net\/en\/wp-json\/wp\/v2\/pages"}],"about":[{"href":"https:\/\/amkmk.rks-gov.net\/en\/wp-json\/wp\/v2\/types\/page"}],"author":[{"embeddable":true,"href":"https:\/\/amkmk.rks-gov.net\/en\/wp-json\/wp\/v2\/users\/7"}],"replies":[{"embeddable":true,"href":"https:\/\/amkmk.rks-gov.net\/en\/wp-json\/wp\/v2\/comments?post=63189"}],"version-history":[{"count":2,"href":"https:\/\/amkmk.rks-gov.net\/en\/wp-json\/wp\/v2\/pages\/63189\/revisions"}],"predecessor-version":[{"id":63575,"href":"https:\/\/amkmk.rks-gov.net\/en\/wp-json\/wp\/v2\/pages\/63189\/revisions\/63575"}],"wp:attachment":[{"href":"https:\/\/amkmk.rks-gov.net\/en\/wp-json\/wp\/v2\/media?parent=63189"}],"wp:term":[{"taxonomy":"page-category","embeddable":true,"href":"https:\/\/amkmk.rks-gov.net\/en\/wp-json\/wp\/v2\/page-category?post=63189"}],"curies":[{"name":"wp","href":"https:\/\/api.w.org\/{rel}","templated":true}]}}