{"id":40815,"date":"2024-04-22T06:46:47","date_gmt":"2024-04-22T04:46:47","guid":{"rendered":"http:\/\/localhost:100\/dpn-prizereni\/kontakt\/"},"modified":"2026-02-18T10:22:04","modified_gmt":"2026-02-18T09:22:04","slug":"kontakt","status":"publish","type":"page","link":"https:\/\/amkmk.rks-gov.net\/sr\/kontakt\/","title":{"rendered":"Contact"},"content":{"rendered":"\t\t<div data-elementor-type=\"wp-page\" data-elementor-id=\"40815\" class=\"elementor elementor-40815 elementor-1311\" data-elementor-post-type=\"page\">\n\t\t\t\t<div class=\"elementor-element elementor-element-4736a3a e-con-full e-flex e-con e-parent\" data-id=\"4736a3a\" data-element_type=\"container\" data-e-type=\"container\">\n\t\t<div class=\"elementor-element elementor-element-406d822 e-con-full e-flex e-con e-child\" data-id=\"406d822\" data-element_type=\"container\" data-e-type=\"container\">\n\t\t\t\t<div class=\"elementor-element elementor-element-d2fa8ba elementor-widget elementor-widget-google_maps\" data-id=\"d2fa8ba\" data-element_type=\"widget\" data-e-type=\"widget\" data-widget_type=\"google_maps.default\">\n\t\t\t\t<div class=\"elementor-widget-container\">\n\t\t\t\t\t\t\t<div class=\"elementor-custom-embed\">\n\t\t\t<iframe loading=\"lazy\"\n\t\t\t\t\tsrc=\"https:\/\/maps.google.com\/maps?q=Rr.%20Zenel%20Salihu%20p.n10%20000%20Prishtin%C3%AB&#038;t=m&#038;z=16&#038;output=embed&#038;iwloc=near\"\n\t\t\t\t\ttitle=\"Rr. Zenel Salihu p.n10 000 Prishtin\u00eb\"\n\t\t\t\t\taria-label=\"Rr. Zenel Salihu p.n10 000 Prishtin\u00eb\"\n\t\t\t><\/iframe>\n\t\t<\/div>\n\t\t\t\t\t\t<\/div>\n\t\t\t\t<\/div>\n\t\t\t\t<\/div>\n\t\t<div class=\"elementor-element elementor-element-5ee88d9 e-con-full page-container news-details e-flex e-con e-child\" data-id=\"5ee88d9\" data-element_type=\"container\" data-e-type=\"container\">\n\t\t<div class=\"elementor-element elementor-element-9d4e7e2 e-con-full e-flex e-con e-child\" data-id=\"9d4e7e2\" data-element_type=\"container\" data-e-type=\"container\">\n\t\t<div class=\"elementor-element elementor-element-7e797d7 e-con-full e-flex e-con e-child\" data-id=\"7e797d7\" data-element_type=\"container\" data-e-type=\"container\">\n\t\t\t\t<div class=\"elementor-element elementor-element-6330bb0 elementor-widget elementor-widget-heading\" data-id=\"6330bb0\" data-element_type=\"widget\" data-e-type=\"widget\" data-widget_type=\"heading.default\">\n\t\t\t\t<div class=\"elementor-widget-container\">\n\t\t\t\t\t<h2 class=\"elementor-heading-title elementor-size-default\">Agjencia p\u00ebr Menaxhimin e Monumenteve dhe Komplekseve Memoriale<\/h2>\t\t\t\t<\/div>\n\t\t\t\t<\/div>\n\t\t\t\t<div class=\"elementor-element elementor-element-49e3c8a elementor-widget elementor-widget-text-editor\" data-id=\"49e3c8a\" data-element_type=\"widget\" data-e-type=\"widget\" data-widget_type=\"text-editor.default\">\n\t\t\t\t<div class=\"elementor-widget-container\">\n\t\t\t\t\t\t\t\t\t<p>Na kontaktoni tani p\u00ebr t\u00eb adresuar \u00e7do \u00e7\u00ebshtje, ose k\u00ebrkes\u00eb.<\/p>\t\t\t\t\t\t\t\t<\/div>\n\t\t\t\t<\/div>\n\t\t<div class=\"elementor-element elementor-element-42fea2d e-con-full e-flex e-con e-child\" data-id=\"42fea2d\" data-element_type=\"container\" data-e-type=\"container\">\n\t\t\t\t<div class=\"elementor-element elementor-element-0362861 contact-content elementor-widget elementor-widget-text-editor\" data-id=\"0362861\" data-element_type=\"widget\" data-e-type=\"widget\" data-widget_type=\"text-editor.default\">\n\t\t\t\t<div class=\"elementor-widget-container\">\n\t\t\t\t\t\t\t\t\t<p><strong>Numri i Telefonit:<\/strong> <a href=\"tel:038 200 10 800\" target=\"_blank\" rel=\"noopener\">038 200 10 800<\/a><\/p><p><strong>E-mail:<\/strong> <a href=\"mailto:Amk.Mk@rks-gov.net\" target=\"_blank\" rel=\"noopener\">Amk.Mk@rks-gov.net<\/a><\/p><p><strong>Adresa:<\/strong> Rr. Zenel Salihu p.n10 000 Prishtin\u00eb<\/p>\t\t\t\t\t\t\t\t<\/div>\n\t\t\t\t<\/div>\n\t\t\t\t<\/div>\n\t\t\t\t<\/div>\n\t\t<div class=\"elementor-element elementor-element-3da15b5 e-con-full e-flex e-con e-child\" data-id=\"3da15b5\" data-element_type=\"container\" data-e-type=\"container\">\n\t\t\t\t<div class=\"elementor-element elementor-element-93f3017 elementor-widget__width-inherit contact-form elementor-widget elementor-widget-shortcode\" data-id=\"93f3017\" data-element_type=\"widget\" data-e-type=\"widget\" data-widget_type=\"shortcode.default\">\n\t\t\t\t<div class=\"elementor-widget-container\">\n\t\t\t\t\t\t\t<div class=\"elementor-shortcode\">\n<div class=\"wpcf7 no-js\" id=\"wpcf7-f55405-o1\" lang=\"sr-RS\" dir=\"ltr\" data-wpcf7-id=\"55405\">\n<div class=\"screen-reader-response\"><p role=\"status\" aria-live=\"polite\" aria-atomic=\"true\"><\/p> <ul><\/ul><\/div>\n<form action=\"\/sr\/wp-json\/wp\/v2\/pages\/40815#wpcf7-f55405-o1\" method=\"post\" class=\"wpcf7-form init\" aria-label=\"Contact form\" novalidate=\"novalidate\" data-status=\"init\">\n<fieldset class=\"hidden-fields-container\"><input type=\"hidden\" name=\"_wpcf7\" value=\"55405\" \/><input type=\"hidden\" name=\"_wpcf7_version\" value=\"6.1.5\" \/><input type=\"hidden\" name=\"_wpcf7_locale\" value=\"sr_RS\" \/><input type=\"hidden\" name=\"_wpcf7_unit_tag\" value=\"wpcf7-f55405-o1\" \/><input type=\"hidden\" name=\"_wpcf7_container_post\" value=\"0\" \/><input type=\"hidden\" name=\"_wpcf7_posted_data_hash\" value=\"\" \/>\n<\/fieldset>\n<div class=\"name-row\">\n\t<p><label> <span class\"label-title\">Ime<span class=\"required\">*<\/span><\/span><br \/>\n<span class=\"wpcf7-form-control-wrap\" data-name=\"ime\"><input size=\"40\" maxlength=\"400\" class=\"wpcf7-form-control wpcf7-text wpcf7-validates-as-required\" autocomplete=\"ime\" aria-required=\"true\" aria-invalid=\"false\" value=\"\" type=\"text\" name=\"ime\" \/><\/span> <\/label>\n\t<\/p>\n\t<p><label> <span class\"label-title\">Prezime <span class=\"required\">*<\/span><\/span><br \/>\n<span class=\"wpcf7-form-control-wrap\" data-name=\"prezime\"><input size=\"40\" maxlength=\"400\" class=\"wpcf7-form-control wpcf7-text wpcf7-validates-as-required\" autocomplete=\"prezime\" aria-required=\"true\" aria-invalid=\"false\" value=\"\" type=\"text\" name=\"prezime\" \/><\/span> <\/label>\n\t<\/p>\n<\/div>\n<p><label> <span class\"label-title\">Email <span class=\"required\">*<\/span><\/span><br \/>\n<span class=\"wpcf7-form-control-wrap\" data-name=\"your-email\"><input size=\"40\" maxlength=\"400\" class=\"wpcf7-form-control wpcf7-email wpcf7-validates-as-required wpcf7-text wpcf7-validates-as-email\" autocomplete=\"email\" aria-required=\"true\" aria-invalid=\"false\" value=\"\" type=\"email\" name=\"your-email\" \/><\/span> <\/label>\n<\/p>\n<p><label> <span class\"label-title\">Broj Telefona<\/span><br \/>\n<span class=\"wpcf7-form-control-wrap\" data-name=\"broj-telefona\"><input size=\"40\" maxlength=\"400\" class=\"wpcf7-form-control wpcf7-tel wpcf7-text wpcf7-validates-as-tel\" aria-invalid=\"false\" placeholder=\"+383\" value=\"\" type=\"tel\" name=\"broj-telefona\" \/><\/span> <\/label>\n<\/p>\n<p><label> <span class\"label-title\">Objave<\/span><br \/>\n<span class=\"wpcf7-form-control-wrap\" data-name=\"Objave\"><textarea cols=\"40\" rows=\"10\" maxlength=\"2000\" class=\"wpcf7-form-control wpcf7-textarea\" aria-invalid=\"false\" name=\"Objave\"><\/textarea><\/span> <\/label>\n<\/p>\n<p><input class=\"wpcf7-form-control wpcf7-submit has-spinner\" type=\"submit\" value=\"Po\u0161alji\" \/>\n<\/p><div class=\"wpcf7-response-output\" aria-hidden=\"true\"><\/div>\n<\/form>\n<\/div>\n<\/div>\n\t\t\t\t\t\t<\/div>\n\t\t\t\t<\/div>\n\t\t\t\t<\/div>\n\t\t\t\t<\/div>\n\t\t<div class=\"elementor-element elementor-element-f84083a e-con-full e-flex e-con e-child\" data-id=\"f84083a\" data-element_type=\"container\" data-e-type=\"container\">\n\t\t\t\t<div class=\"elementor-element elementor-element-5a756c0 elementor-grid-3 elementor-grid-tablet-2 elementor-grid-mobile-1 elementor-widget elementor-widget-loop-grid\" data-id=\"5a756c0\" data-element_type=\"widget\" data-e-type=\"widget\" data-settings=\"{&quot;template_id&quot;:50547,&quot;_skin&quot;:&quot;post&quot;,&quot;columns&quot;:&quot;3&quot;,&quot;columns_tablet&quot;:&quot;2&quot;,&quot;columns_mobile&quot;:&quot;1&quot;,&quot;edit_handle_selector&quot;:&quot;[data-elementor-type=\\&quot;loop-item\\&quot;]&quot;,&quot;row_gap&quot;:{&quot;unit&quot;:&quot;px&quot;,&quot;size&quot;:&quot;&quot;,&quot;sizes&quot;:[]},&quot;row_gap_laptop&quot;:{&quot;unit&quot;:&quot;px&quot;,&quot;size&quot;:&quot;&quot;,&quot;sizes&quot;:[]},&quot;row_gap_tablet&quot;:{&quot;unit&quot;:&quot;px&quot;,&quot;size&quot;:&quot;&quot;,&quot;sizes&quot;:[]},&quot;row_gap_mobile&quot;:{&quot;unit&quot;:&quot;px&quot;,&quot;size&quot;:&quot;&quot;,&quot;sizes&quot;:[]}}\" data-widget_type=\"loop-grid.post\">\n\t\t\t\t<div class=\"elementor-widget-container\">\n\t\t\t\t\t\t\t<div class=\"e-loop-nothing-found-message\">\n\t\t<\/div>\n\t\t\t\t\t\t<\/div>\n\t\t\t\t<\/div>\n\t\t\t\t<\/div>\n\t\t\t\t<\/div>\n\t\t\t\t<\/div>\n\t\t\t\t<\/div>\n\t\t","protected":false},"excerpt":{"rendered":"<p>Agjencia p\u00ebr Menaxhimin e Monumenteve dhe Komplekseve Memoriale Na kontaktoni tani p\u00ebr t\u00eb adresuar \u00e7do \u00e7\u00ebshtje, ose k\u00ebrkes\u00eb. Numri i Telefonit: 038 200 10 800 E-mail: Amk.Mk@rks-gov.net Adresa: Rr. Zenel Salihu p.n10 000 Prishtin\u00eb<\/p>\n","protected":false},"author":7,"featured_media":0,"parent":0,"menu_order":0,"comment_status":"closed","ping_status":"closed","template":"","meta":{"_acf_changed":false,"footnotes":""},"page-category":[],"class_list":["post-40815","page","type-page","status-publish","hentry"],"acf":[],"_links":{"self":[{"href":"https:\/\/amkmk.rks-gov.net\/sr\/wp-json\/wp\/v2\/pages\/40815","targetHints":{"allow":["GET"]}}],"collection":[{"href":"https:\/\/amkmk.rks-gov.net\/sr\/wp-json\/wp\/v2\/pages"}],"about":[{"href":"https:\/\/amkmk.rks-gov.net\/sr\/wp-json\/wp\/v2\/types\/page"}],"author":[{"embeddable":true,"href":"https:\/\/amkmk.rks-gov.net\/sr\/wp-json\/wp\/v2\/users\/7"}],"replies":[{"embeddable":true,"href":"https:\/\/amkmk.rks-gov.net\/sr\/wp-json\/wp\/v2\/comments?post=40815"}],"version-history":[{"count":10,"href":"https:\/\/amkmk.rks-gov.net\/sr\/wp-json\/wp\/v2\/pages\/40815\/revisions"}],"predecessor-version":[{"id":71453,"href":"https:\/\/amkmk.rks-gov.net\/sr\/wp-json\/wp\/v2\/pages\/40815\/revisions\/71453"}],"wp:attachment":[{"href":"https:\/\/amkmk.rks-gov.net\/sr\/wp-json\/wp\/v2\/media?parent=40815"}],"wp:term":[{"taxonomy":"page-category","embeddable":true,"href":"https:\/\/amkmk.rks-gov.net\/sr\/wp-json\/wp\/v2\/page-category?post=40815"}],"curies":[{"name":"wp","href":"https:\/\/api.w.org\/{rel}","templated":true}]}}