{"id":63145,"date":"2025-12-04T09:00:07","date_gmt":"2025-12-04T08:00:07","guid":{"rendered":"https:\/\/amkmk.rks-gov.net\/zyra-e-drejtorit-te-agjencise\/"},"modified":"2025-12-11T08:53:27","modified_gmt":"2025-12-11T07:53:27","slug":"zyra-e-drejtorit-te-agjencise","status":"publish","type":"page","link":"https:\/\/amkmk.rks-gov.net\/sr\/zyra-e-drejtorit-te-agjencise\/","title":{"rendered":"Zyra e Drejtorit t\u00eb Agjencis\u00eb"},"content":{"rendered":"\n<p>Zyra e Drejtorit t\u00eb Agjencis\u00eb<\/p>\n\n<p>1. Zyra e Drejtorit t\u00eb Agjencise perbehet nga:<\/p>\n\n<p>1.1. Drejtori i Agjencis\u00eb;<\/p>\n\n<p>1.2. Nj\u00eb (1) n\u00ebpunes t\u00eb nivelit profesional;<\/p>\n\n<p>1.3. Nj\u00eb (1) nepunes t\u00eb nivelit tekniko- administrativ;<\/p>\n\n<p>1.4. Divizioni p\u00ebr Burime Njer\u00ebzore;<\/p>\n\n<p>1.5. Divizioni i Prokurimit;<\/p>\n\n<p>1.6. Zyrtar i certifikues;<\/p>\n\n<p>1. 7.Auditori i brendsh\u00ebm.<\/p>\n\n<p>2. Detyrat dhe p\u00ebrgjegj\u00ebsit\u00eb e Drejtorit t\u00eb Agjencise p\u00ebrcaktohen me Ligjin Nr.04\/L-146 p\u00ebr Agjencin\u00eb p\u00ebr Menaxhimin e Komplekseve Memoriale t\u00eb Kosov\u00ebs dhe legjislacionin p\u00ebrkates n\u00eb fuqi.<\/p>\n\n<p>3. Numri i t\u00eb pun\u00ebsuarve n\u00eb Zyren e Drejtorit t\u00eb Agjencis\u00eb \u00ebsht\u00eb dhjet\u00eb (l0).<\/p>\n","protected":false},"excerpt":{"rendered":"<p>Zyra e Drejtorit t\u00eb Agjencis\u00eb 1. Zyra e Drejtorit t\u00eb Agjencise perbehet nga: 1.1. Drejtori i Agjencis\u00eb; 1.2. Nj\u00eb (1) n\u00ebpunes t\u00eb nivelit profesional; 1.3. Nj\u00eb (1) nepunes t\u00eb nivelit tekniko- administrativ; 1.4. Divizioni p\u00ebr Burime Njer\u00ebzore; 1.5. Divizioni i Prokurimit; 1.6. Zyrtar i certifikues; 1. 7.Auditori i brendsh\u00ebm. 2. Detyrat dhe p\u00ebrgjegj\u00ebsit\u00eb e Drejtorit [&hellip;]<\/p>\n","protected":false},"author":7,"featured_media":0,"parent":0,"menu_order":0,"comment_status":"closed","ping_status":"closed","template":"","meta":{"_acf_changed":false,"footnotes":""},"page-category":[],"class_list":["post-63145","page","type-page","status-publish","hentry"],"acf":[],"_links":{"self":[{"href":"https:\/\/amkmk.rks-gov.net\/sr\/wp-json\/wp\/v2\/pages\/63145","targetHints":{"allow":["GET"]}}],"collection":[{"href":"https:\/\/amkmk.rks-gov.net\/sr\/wp-json\/wp\/v2\/pages"}],"about":[{"href":"https:\/\/amkmk.rks-gov.net\/sr\/wp-json\/wp\/v2\/types\/page"}],"author":[{"embeddable":true,"href":"https:\/\/amkmk.rks-gov.net\/sr\/wp-json\/wp\/v2\/users\/7"}],"replies":[{"embeddable":true,"href":"https:\/\/amkmk.rks-gov.net\/sr\/wp-json\/wp\/v2\/comments?post=63145"}],"version-history":[{"count":1,"href":"https:\/\/amkmk.rks-gov.net\/sr\/wp-json\/wp\/v2\/pages\/63145\/revisions"}],"predecessor-version":[{"id":63146,"href":"https:\/\/amkmk.rks-gov.net\/sr\/wp-json\/wp\/v2\/pages\/63145\/revisions\/63146"}],"wp:attachment":[{"href":"https:\/\/amkmk.rks-gov.net\/sr\/wp-json\/wp\/v2\/media?parent=63145"}],"wp:term":[{"taxonomy":"page-category","embeddable":true,"href":"https:\/\/amkmk.rks-gov.net\/sr\/wp-json\/wp\/v2\/page-category?post=63145"}],"curies":[{"name":"wp","href":"https:\/\/api.w.org\/{rel}","templated":true}]}}