{"id":63150,"date":"2025-12-04T09:00:56","date_gmt":"2025-12-04T08:00:56","guid":{"rendered":"https:\/\/amkmk.rks-gov.net\/departamenti-i-financave-dhe-sherbimeve-te-pergjithshme\/"},"modified":"2025-12-11T08:55:19","modified_gmt":"2025-12-11T07:55:19","slug":"departamenti-i-financave-dhe-sherbimeve-te-pergjithshme","status":"publish","type":"page","link":"https:\/\/amkmk.rks-gov.net\/sr\/departamenti-i-financave-dhe-sherbimeve-te-pergjithshme\/","title":{"rendered":"Departamenti i Financave dhe Sh\u00ebrbimeve t\u00eb P\u00ebrgjithshme"},"content":{"rendered":"\n<p>Detyrat dhe p\u00ebrgjegjesit\u00eb e Departamentit p\u00ebr Financa dhe Sh\u00ebrbime t\u00eb P\u00ebrgjith\u00ebshme jan\u00eb:<\/p>\n\n<p>1.1. Menaxhon dhe mir\u00ebmban informatat p\u00ebr burimet njer\u00ebzore t\u00eb Agjencis\u00eb, asiston menaxhmentin n\u00eb organizimin e brendsh\u00ebm, ofron mb\u00ebshtetje admini- strative, logjistike dhe t\u00eb sh\u00ebrbimeve t\u00eb teknologjis\u00eb informative dhe Sistemit Informativ Gjeografik (Gis-it);<\/p>\n\n<p>1.2. Koordinon p\u00ebrgatitjen, zbatimin, raportimin dhe vler\u00ebsimin e buxhetit t\u00eb Agjencis\u00eb;<\/p>\n\n<p>1.3. Koordinon zbatimin me koh\u00eb t\u00eb detyrimeve financiare t\u00eb Agjencis\u00eb;<\/p>\n\n<p>1.4. Mir\u00ebmban pajisjet e TI-s\u00eb dhe GIS-it dhe ofron sh\u00ebrbime t\u00eb TI-s\u00eb dhe GIS-it;<\/p>\n\n<p>1.5. Menaxhon sistemin e arkivit dhe dokumentet e brendshme t\u00eb Agjencis\u00eb;<\/p>\n\n<p>1.6. Ofron sh\u00ebrbimet n\u00eb lidhje me informimin publik, hartimin e revist\u00ebs dhe broshurave, web-faqes dhe raportit vjetor;<\/p>\n\n<p>1.7. Ofron mbeshtetje ligjore per Agjencine.<\/p>\n\n<p>2. Drejtori i Departamentit p\u00ebr Financa dhe Sh\u00ebrbime t\u00eb P\u00ebrgjithshme raporton tek Drejtori i Agjencis\u00eb.<\/p>\n\n<p>3. N\u00eb kuad\u00ebr t\u00eb Departamentit p\u00ebr Financa dhe Sh\u00ebrbime t\u00eb P\u00ebrgjithshme b\u00ebjn\u00eb pjes\u00eb k\u00ebto Divizione:<\/p>\n\n<p>3.1. Divizioni p\u00ebr Buxhet dhe Financa;<\/p>\n\n<p>3.2 Divizioni p\u00ebr Teknologji Informative, GIS dhe Sh\u00ebrbime t\u00eb Logjistik\u00ebs;<\/p>\n\n<p>3.3. Divizioni Ligjor.<\/p>\n\n<p>4. Numri i t\u00eb pun\u00ebsuarve n\u00eb Departamentin p\u00ebr Financa dhe Sh\u00ebrbime t\u00eb P\u00ebrgjithshme \u00ebsht\u00eb tremb\u00ebdhjet\u00eb (13).<\/p>\n\n<p><strong>Adnan Elshani<\/strong><\/p>\n\n<p><strong>Drejtor i Departamentit p\u00ebr Financa dhe Sh\u00ebrbime t\u00eb P\u00ebrgjithsh\u00ebm<\/strong><\/p>\n\n<p>Ish Gjykata Themelore Prishtin\u00eb<\/p>\n\n<p>Rr: \u201cZenel Salihu\u201d Prishtin\u00eb<\/p>\n\n<p>Tel: +381 (0) 38 20010801<\/p>\n","protected":false},"excerpt":{"rendered":"<p>Detyrat dhe p\u00ebrgjegjesit\u00eb e Departamentit p\u00ebr Financa dhe Sh\u00ebrbime t\u00eb P\u00ebrgjith\u00ebshme jan\u00eb: 1.1. Menaxhon dhe mir\u00ebmban informatat p\u00ebr burimet njer\u00ebzore t\u00eb Agjencis\u00eb, asiston menaxhmentin n\u00eb organizimin e brendsh\u00ebm, ofron mb\u00ebshtetje admini- strative, logjistike dhe t\u00eb sh\u00ebrbimeve t\u00eb teknologjis\u00eb informative dhe Sistemit Informativ Gjeografik (Gis-it); 1.2. Koordinon p\u00ebrgatitjen, zbatimin, raportimin dhe vler\u00ebsimin e buxhetit t\u00eb Agjencis\u00eb; [&hellip;]<\/p>\n","protected":false},"author":7,"featured_media":0,"parent":0,"menu_order":0,"comment_status":"closed","ping_status":"closed","template":"","meta":{"_acf_changed":false,"footnotes":""},"page-category":[],"class_list":["post-63150","page","type-page","status-publish","hentry"],"acf":[],"_links":{"self":[{"href":"https:\/\/amkmk.rks-gov.net\/sr\/wp-json\/wp\/v2\/pages\/63150","targetHints":{"allow":["GET"]}}],"collection":[{"href":"https:\/\/amkmk.rks-gov.net\/sr\/wp-json\/wp\/v2\/pages"}],"about":[{"href":"https:\/\/amkmk.rks-gov.net\/sr\/wp-json\/wp\/v2\/types\/page"}],"author":[{"embeddable":true,"href":"https:\/\/amkmk.rks-gov.net\/sr\/wp-json\/wp\/v2\/users\/7"}],"replies":[{"embeddable":true,"href":"https:\/\/amkmk.rks-gov.net\/sr\/wp-json\/wp\/v2\/comments?post=63150"}],"version-history":[{"count":1,"href":"https:\/\/amkmk.rks-gov.net\/sr\/wp-json\/wp\/v2\/pages\/63150\/revisions"}],"predecessor-version":[{"id":63151,"href":"https:\/\/amkmk.rks-gov.net\/sr\/wp-json\/wp\/v2\/pages\/63150\/revisions\/63151"}],"wp:attachment":[{"href":"https:\/\/amkmk.rks-gov.net\/sr\/wp-json\/wp\/v2\/media?parent=63150"}],"wp:term":[{"taxonomy":"page-category","embeddable":true,"href":"https:\/\/amkmk.rks-gov.net\/sr\/wp-json\/wp\/v2\/page-category?post=63150"}],"curies":[{"name":"wp","href":"https:\/\/api.w.org\/{rel}","templated":true}]}}