{"id":63154,"date":"2025-12-04T09:35:28","date_gmt":"2025-12-04T08:35:28","guid":{"rendered":"https:\/\/amkmk.rks-gov.net\/divizioni-ligjor\/"},"modified":"2025-12-11T08:56:35","modified_gmt":"2025-12-11T07:56:35","slug":"divizioni-ligjor","status":"publish","type":"page","link":"https:\/\/amkmk.rks-gov.net\/sr\/divizioni-ligjor\/","title":{"rendered":"Divizioni Ligjor"},"content":{"rendered":"\n<p>1. Detyrat dhe p\u00ebrgjegj\u00ebsit e Divizionit Ligjor jan\u00eb:<\/p>\n\n<p>1.1. Koordinon aktivitetet me t\u00eb gjitha strukturat organizative t\u00eb Agjencis\u00eb p\u00ebr zbatimin e Legjislacionit;<\/p>\n\n<p>1.2. Ofron mb\u00ebshtetje ligjore n\u00eb fush\u00ebn e legjislacionit<\/p>\n\n<p>1.3. Identifikon problemet e zbatimit t\u00eb akteve normative;<\/p>\n\n<p>1.4. Ofron mb\u00ebshtetje ligjore n\u00eb hartimin e propozim-vendimeve, propozim-marr\u00ebveshjeve, propozim memorandumeve dhe propozim-kontratave;<\/p>\n\n<p>1.5. Koordinon aktivitetet legjislative t\u00eb Agjencis\u00eb me institucionet p\u00ebrkat\u00ebse;<\/p>\n\n<p>1.6. Mir\u00ebmban regjistrin e akteve n\u00ebnligjore t\u00eb Agjencis\u00eb;<\/p>\n\n<p>1.7. Merr pjes\u00eb n\u00eb d\u00ebgjimet publike p\u00ebr k\u00ebrkesat e pranuara p\u00ebr shpron\u00ebsim, sipas vendimeve t\u00eb Qeveris\u00eb;<\/p>\n\n<p>1.8. Ofron k\u00ebshilla dhe udh\u00ebzime sa i p\u00ebrket procesit t\u00eb shpron\u00ebsimit, sipas k\u00ebrkes\u00ebs.<\/p>\n\n<p>2. Udh\u00ebheq\u00ebsi i Divizionit Ligjor raporton tek Drejtori i Departamentit p\u00ebr Financa dhe Sh\u00ebrbime t\u00eb P\u00ebrgjithshme.<\/p>\n\n<p>3. Numri i t\u00eb pun\u00ebsuarve n\u00eb Divizionin Ligjor \u00ebsht\u00eb dy (2).<\/p>\n","protected":false},"excerpt":{"rendered":"<p>1. Detyrat dhe p\u00ebrgjegj\u00ebsit e Divizionit Ligjor jan\u00eb: 1.1. Koordinon aktivitetet me t\u00eb gjitha strukturat organizative t\u00eb Agjencis\u00eb p\u00ebr zbatimin e Legjislacionit; 1.2. Ofron mb\u00ebshtetje ligjore n\u00eb fush\u00ebn e legjislacionit 1.3. Identifikon problemet e zbatimit t\u00eb akteve normative; 1.4. Ofron mb\u00ebshtetje ligjore n\u00eb hartimin e propozim-vendimeve, propozim-marr\u00ebveshjeve, propozim memorandumeve dhe propozim-kontratave; 1.5. Koordinon aktivitetet legjislative [&hellip;]<\/p>\n","protected":false},"author":7,"featured_media":0,"parent":0,"menu_order":0,"comment_status":"closed","ping_status":"closed","template":"","meta":{"_acf_changed":false,"footnotes":""},"page-category":[],"class_list":["post-63154","page","type-page","status-publish","hentry"],"acf":[],"_links":{"self":[{"href":"https:\/\/amkmk.rks-gov.net\/sr\/wp-json\/wp\/v2\/pages\/63154","targetHints":{"allow":["GET"]}}],"collection":[{"href":"https:\/\/amkmk.rks-gov.net\/sr\/wp-json\/wp\/v2\/pages"}],"about":[{"href":"https:\/\/amkmk.rks-gov.net\/sr\/wp-json\/wp\/v2\/types\/page"}],"author":[{"embeddable":true,"href":"https:\/\/amkmk.rks-gov.net\/sr\/wp-json\/wp\/v2\/users\/7"}],"replies":[{"embeddable":true,"href":"https:\/\/amkmk.rks-gov.net\/sr\/wp-json\/wp\/v2\/comments?post=63154"}],"version-history":[{"count":1,"href":"https:\/\/amkmk.rks-gov.net\/sr\/wp-json\/wp\/v2\/pages\/63154\/revisions"}],"predecessor-version":[{"id":63155,"href":"https:\/\/amkmk.rks-gov.net\/sr\/wp-json\/wp\/v2\/pages\/63154\/revisions\/63155"}],"wp:attachment":[{"href":"https:\/\/amkmk.rks-gov.net\/sr\/wp-json\/wp\/v2\/media?parent=63154"}],"wp:term":[{"taxonomy":"page-category","embeddable":true,"href":"https:\/\/amkmk.rks-gov.net\/sr\/wp-json\/wp\/v2\/page-category?post=63154"}],"curies":[{"name":"wp","href":"https:\/\/api.w.org\/{rel}","templated":true}]}}