{"id":63158,"date":"2025-12-04T09:35:53","date_gmt":"2025-12-04T08:35:53","guid":{"rendered":"https:\/\/amkmk.rks-gov.net\/divizioni-per-buxhet-dhe-financa\/"},"modified":"2025-12-11T08:58:27","modified_gmt":"2025-12-11T07:58:27","slug":"divizioni-per-buxhet-dhe-financa","status":"publish","type":"page","link":"https:\/\/amkmk.rks-gov.net\/sr\/divizioni-per-buxhet-dhe-financa\/","title":{"rendered":"Divizioni p\u00ebr Buxhet dhe Financa"},"content":{"rendered":"\n<p>1. Detyrat dhe p\u00ebrgjegjesit\u00eb e Divizionit p\u00ebr Buxhet dhe Financa jan\u00eb:<\/p>\n\n<p>1.1. P\u00ebrgatit\u00eb propozimet buxhetore;<\/p>\n\n<p>1.2. Koordinon \u00e7\u00ebshtjet buxhetore p\u00ebr t\u00eb gjitha strukturat administrative t\u00eb Agjencis\u00eb;<\/p>\n\n<p>1.3. P\u00ebrcjell\u00eb dhe raporton mbi ekzekutimet buxhetore;<\/p>\n\n<p>1.4. Siguron q\u00eb shpenzimet financiare jan\u00eb b\u00ebr\u00eb n\u00eb pajtim me rregullat dhe procedurat buxhetore;<\/p>\n\n<p>1.5. Menaxhon rezervat e paras\u00eb dhe siguron se kontrolli i brendsh\u00ebm financiar \u00ebsht\u00eb i bazuar n\u00eb parimet e llogaridh\u00ebnies;<\/p>\n\n<p>1.6. Siguron bashk\u00ebpunim t\u00eb ngusht\u00eb me auditorin e brendsh\u00ebm dhe t\u00eb jasht\u00ebm n\u00eb p\u00ebrgatitjen e pasqyrave buxhetore dhe financiare t\u00eb auditimit.<\/p>\n\n<p>2. Udh\u00ebheq\u00ebsi i Divizionit p\u00ebr Buxhet dhe Financa raporton tek Drejtori i Departamentit p\u00ebr Financa dhe Sh\u00ebrbime t\u00eb P\u00ebrgjithshme p\u00ebr aspektin administrativ dhe tek Drejtori i Agjencis\u00eb p\u00ebr aspektin operacional<\/p>\n\n<p>3. Numri i t\u00eb pun\u00ebsuarve n\u00eb Divizionin p\u00ebr Buxhet dhe Financa \u00ebsht\u00eb pes\u00eb (5).<\/p>\n","protected":false},"excerpt":{"rendered":"<p>1. Detyrat dhe p\u00ebrgjegjesit\u00eb e Divizionit p\u00ebr Buxhet dhe Financa jan\u00eb: 1.1. P\u00ebrgatit\u00eb propozimet buxhetore; 1.2. Koordinon \u00e7\u00ebshtjet buxhetore p\u00ebr t\u00eb gjitha strukturat administrative t\u00eb Agjencis\u00eb; 1.3. P\u00ebrcjell\u00eb dhe raporton mbi ekzekutimet buxhetore; 1.4. Siguron q\u00eb shpenzimet financiare jan\u00eb b\u00ebr\u00eb n\u00eb pajtim me rregullat dhe procedurat buxhetore; 1.5. Menaxhon rezervat e paras\u00eb dhe siguron se [&hellip;]<\/p>\n","protected":false},"author":7,"featured_media":0,"parent":0,"menu_order":0,"comment_status":"closed","ping_status":"closed","template":"","meta":{"_acf_changed":false,"footnotes":""},"page-category":[],"class_list":["post-63158","page","type-page","status-publish","hentry"],"acf":[],"_links":{"self":[{"href":"https:\/\/amkmk.rks-gov.net\/sr\/wp-json\/wp\/v2\/pages\/63158","targetHints":{"allow":["GET"]}}],"collection":[{"href":"https:\/\/amkmk.rks-gov.net\/sr\/wp-json\/wp\/v2\/pages"}],"about":[{"href":"https:\/\/amkmk.rks-gov.net\/sr\/wp-json\/wp\/v2\/types\/page"}],"author":[{"embeddable":true,"href":"https:\/\/amkmk.rks-gov.net\/sr\/wp-json\/wp\/v2\/users\/7"}],"replies":[{"embeddable":true,"href":"https:\/\/amkmk.rks-gov.net\/sr\/wp-json\/wp\/v2\/comments?post=63158"}],"version-history":[{"count":1,"href":"https:\/\/amkmk.rks-gov.net\/sr\/wp-json\/wp\/v2\/pages\/63158\/revisions"}],"predecessor-version":[{"id":63159,"href":"https:\/\/amkmk.rks-gov.net\/sr\/wp-json\/wp\/v2\/pages\/63158\/revisions\/63159"}],"wp:attachment":[{"href":"https:\/\/amkmk.rks-gov.net\/sr\/wp-json\/wp\/v2\/media?parent=63158"}],"wp:term":[{"taxonomy":"page-category","embeddable":true,"href":"https:\/\/amkmk.rks-gov.net\/sr\/wp-json\/wp\/v2\/page-category?post=63158"}],"curies":[{"name":"wp","href":"https:\/\/api.w.org\/{rel}","templated":true}]}}