{"id":63166,"date":"2025-12-04T09:36:36","date_gmt":"2025-12-04T08:36:36","guid":{"rendered":"https:\/\/amkmk.rks-gov.net\/divizioni-per-menaxhim-te-komplekseve-memoriale\/"},"modified":"2025-12-11T09:07:57","modified_gmt":"2025-12-11T08:07:57","slug":"divizioni-per-menaxhim-te-komplekseve-memoriale","status":"publish","type":"page","link":"https:\/\/amkmk.rks-gov.net\/sr\/divizioni-per-menaxhim-te-komplekseve-memoriale\/","title":{"rendered":"Divizioni p\u00ebr Menaxhim t\u00eb komplekseve memoriale"},"content":{"rendered":"\n<p>1. Detyrat dhe p\u00ebrgjegjesite e Divizionit p\u00ebr Menaxhim t\u00eb Komplekseve Memoriale jan\u00eb:<\/p>\n\n<p>1.1. Koordinon zbatimin me koh\u00eb t\u00eb detyrimeve n\u00eb komplekset memoriale;<\/p>\n\n<p>1.2. Mir\u00ebmban komplekset memoriale;<\/p>\n\n<p>1.3. Menaxhon sistemin e mir\u00ebmbajtjes dhe ruajtjes t\u00eb komplekseve memoriale si dhe leht\u00ebson menaxhimin e tyre duke p\u00ebrdorur metodat stimuluese;<\/p>\n\n<p>1.4. Ofron t\u00eb dh\u00ebna p\u00ebr hartimin e revistes, broshurave, web-faqes dhe raportit vjetor;<\/p>\n\n<p>1.5. Ofron sh\u00ebrbime q\u00eb kan\u00eb t\u00eb b\u00ebjne me \u00e7\u00ebshtje t\u00eb sigurise dhe funksionim t\u00eb Komplekseve Memoriale;<\/p>\n\n<p>1.6. Merret me p\u00ebrgatitjet dhe manifestimet e ndryshme, p\u00ebrgatit ceremonit\u00eb festive dhe ato p\u00ebrkujtimore n\u00eb komplekse memoriale;<\/p>\n\n<p>1.7. Koordinon pun\u00ebt me p\u00ebrgjegjesit n\u00eb komplekse memoriale.<\/p>\n\n<p>2. Udh\u00ebheqesi i Divizionit p\u00ebr Menaxhim t\u00eb Komplekseve Memoriale raporton tek Drejtori i Departamentit p\u00ebr Planifikim, Projekte dhe Menaxhim t\u00eb Komplekseve Memoriale<\/p>\n\n<p>3. Numri i t\u00eb punesuarve n\u00eb Divizionin p\u00ebr Menaxhim t\u00eb Komplekseve memoriale \u00ebsht\u00eb nj\u00ebzet e kat\u00ebr (24).<\/p>\n","protected":false},"excerpt":{"rendered":"<p>1. Detyrat dhe p\u00ebrgjegjesite e Divizionit p\u00ebr Menaxhim t\u00eb Komplekseve Memoriale jan\u00eb: 1.1. Koordinon zbatimin me koh\u00eb t\u00eb detyrimeve n\u00eb komplekset memoriale; 1.2. Mir\u00ebmban komplekset memoriale; 1.3. Menaxhon sistemin e mir\u00ebmbajtjes dhe ruajtjes t\u00eb komplekseve memoriale si dhe leht\u00ebson menaxhimin e tyre duke p\u00ebrdorur metodat stimuluese; 1.4. Ofron t\u00eb dh\u00ebna p\u00ebr hartimin e revistes, broshurave, [&hellip;]<\/p>\n","protected":false},"author":7,"featured_media":0,"parent":0,"menu_order":0,"comment_status":"closed","ping_status":"closed","template":"","meta":{"_acf_changed":false,"footnotes":""},"page-category":[],"class_list":["post-63166","page","type-page","status-publish","hentry"],"acf":[],"_links":{"self":[{"href":"https:\/\/amkmk.rks-gov.net\/sr\/wp-json\/wp\/v2\/pages\/63166","targetHints":{"allow":["GET"]}}],"collection":[{"href":"https:\/\/amkmk.rks-gov.net\/sr\/wp-json\/wp\/v2\/pages"}],"about":[{"href":"https:\/\/amkmk.rks-gov.net\/sr\/wp-json\/wp\/v2\/types\/page"}],"author":[{"embeddable":true,"href":"https:\/\/amkmk.rks-gov.net\/sr\/wp-json\/wp\/v2\/users\/7"}],"replies":[{"embeddable":true,"href":"https:\/\/amkmk.rks-gov.net\/sr\/wp-json\/wp\/v2\/comments?post=63166"}],"version-history":[{"count":1,"href":"https:\/\/amkmk.rks-gov.net\/sr\/wp-json\/wp\/v2\/pages\/63166\/revisions"}],"predecessor-version":[{"id":63167,"href":"https:\/\/amkmk.rks-gov.net\/sr\/wp-json\/wp\/v2\/pages\/63166\/revisions\/63167"}],"wp:attachment":[{"href":"https:\/\/amkmk.rks-gov.net\/sr\/wp-json\/wp\/v2\/media?parent=63166"}],"wp:term":[{"taxonomy":"page-category","embeddable":true,"href":"https:\/\/amkmk.rks-gov.net\/sr\/wp-json\/wp\/v2\/page-category?post=63166"}],"curies":[{"name":"wp","href":"https:\/\/api.w.org\/{rel}","templated":true}]}}