{"id":63170,"date":"2025-12-04T09:36:55","date_gmt":"2025-12-04T08:36:55","guid":{"rendered":"https:\/\/amkmk.rks-gov.net\/divizioni-per-planifikim-dhe-projekte-te-komplekseve-memoriale\/"},"modified":"2025-12-11T09:09:23","modified_gmt":"2025-12-11T08:09:23","slug":"divizioni-per-planifikim-dhe-projekte-te-komplekseve-memoriale","status":"publish","type":"page","link":"https:\/\/amkmk.rks-gov.net\/sr\/divizioni-per-planifikim-dhe-projekte-te-komplekseve-memoriale\/","title":{"rendered":"Divizioni p\u00ebr Planifikim dhe Projekte t\u00eb komplekseve memoriale"},"content":{"rendered":"\n<p>1. Detyrat dhe p\u00ebrgjegj\u00ebsite e Divizionit p\u00ebr Planifikim dhe Projekte t\u00eb Komplekseve Memoriale jan\u00eb:<\/p>\n\n<p>1.1. Planifikon veprimet brenda zonave p\u00ebr nevojen e hartimit t\u00eb Planeve Hap\u00ebsinore dhe Urbane;<\/p>\n\n<p>1.2. Paraqet nevojen p\u00ebr hartim dhe i p\u00ebrgatit materialin p\u00ebr nevojat e projekteve dhe pranimit t\u00eb projekteve nga kompanit\u00eb q\u00eb b\u00ebjn\u00eb hartimin e tyre, paraqet nevoj\u00ebn p\u00ebr ndryshime dhe d\u00ebrgon k\u00ebrkesat p\u00ebr aprovim t\u00eb Drejtori i Agjencis\u00eb.<\/p>\n\n<p>1.3. N\u00eb bashk\u00ebpunim me divizionin ligjor pergatit propozim vendimet p\u00ebr shpalljen e zonave me interes duke pasparasysh ngritjen e ndonj\u00eb kompleksi memorial;<\/p>\n\n<p>1.4. Siguron q\u00eb projektet t\u00eb jen\u00eb t\u00eb kompletuara dhe t\u00eb ket\u00eb p\u00ebrdorim adekuat t\u00eb tyre;<\/p>\n\n<p>1.5. Menaxhon dhe mir\u00ebmban informatat p\u00ebr Departamentin brenda Agjencis\u00eb, menaxhmentin n\u00eb organizimin e brendsh\u00ebm, ofron sh\u00ebrbime lidhur me, administrimin, mir\u00ebmbajtjen ruajtjen dhe ngritjene komplekseve memoriale n\u00eb Kosov\u00eb;<\/p>\n\n<p>1.6.Siguron funksionimin normal t\u00eb projekteve p\u00ebr komplekset memoriale;<\/p>\n\n<p>1.7. Koordinon p\u00ebrgatitjen, zbatimin, raportimin dhe vler\u00ebsimin e pun\u00ebve dhe p\u00ebrcakton nevojat dhe profilin p\u00ebr pun\u00ebsimin e pun\u00ebtor\u00ebve t\u00eb Departamentit;<\/p>\n\n<p>1.8. Koordinon zbatimin me koh\u00eb t\u00eb detyrimeve n\u00eb komplekset memoriale;<\/p>\n\n<p>1.9. Menaxhon ekzekutimin e pun\u00ebve dhe projekteve n\u00eb terren, p\u00ebrgatite dokumentet p\u00ebr pagesa dhe harton raportin e pranimit teknik t\u00eb pun\u00ebve.<\/p>\n\n<p>2. Udh\u00ebheqesi i Divizionit p\u00ebr Planifikim dhe Projekte t\u00eb Komplekseve Memoriale raporton tek Drejtori i Departamentit p\u00ebr Planifikim, Projekte dhe Menaxhim t\u00eb Komplekseve Memoriale.<\/p>\n\n<p>3. Numri i t\u00eb punesuarve n\u00eb Divizionin p\u00ebr Planifikim dhe Projekte t\u00eb komplekseve \u00ebsht\u00eb kat\u00ebr (4).<\/p>\n","protected":false},"excerpt":{"rendered":"<p>1. Detyrat dhe p\u00ebrgjegj\u00ebsite e Divizionit p\u00ebr Planifikim dhe Projekte t\u00eb Komplekseve Memoriale jan\u00eb: 1.1. Planifikon veprimet brenda zonave p\u00ebr nevojen e hartimit t\u00eb Planeve Hap\u00ebsinore dhe Urbane; 1.2. Paraqet nevojen p\u00ebr hartim dhe i p\u00ebrgatit materialin p\u00ebr nevojat e projekteve dhe pranimit t\u00eb projekteve nga kompanit\u00eb q\u00eb b\u00ebjn\u00eb hartimin e tyre, paraqet nevoj\u00ebn p\u00ebr [&hellip;]<\/p>\n","protected":false},"author":7,"featured_media":0,"parent":0,"menu_order":0,"comment_status":"closed","ping_status":"closed","template":"","meta":{"_acf_changed":false,"footnotes":""},"page-category":[],"class_list":["post-63170","page","type-page","status-publish","hentry"],"acf":[],"_links":{"self":[{"href":"https:\/\/amkmk.rks-gov.net\/sr\/wp-json\/wp\/v2\/pages\/63170","targetHints":{"allow":["GET"]}}],"collection":[{"href":"https:\/\/amkmk.rks-gov.net\/sr\/wp-json\/wp\/v2\/pages"}],"about":[{"href":"https:\/\/amkmk.rks-gov.net\/sr\/wp-json\/wp\/v2\/types\/page"}],"author":[{"embeddable":true,"href":"https:\/\/amkmk.rks-gov.net\/sr\/wp-json\/wp\/v2\/users\/7"}],"replies":[{"embeddable":true,"href":"https:\/\/amkmk.rks-gov.net\/sr\/wp-json\/wp\/v2\/comments?post=63170"}],"version-history":[{"count":1,"href":"https:\/\/amkmk.rks-gov.net\/sr\/wp-json\/wp\/v2\/pages\/63170\/revisions"}],"predecessor-version":[{"id":63171,"href":"https:\/\/amkmk.rks-gov.net\/sr\/wp-json\/wp\/v2\/pages\/63170\/revisions\/63171"}],"wp:attachment":[{"href":"https:\/\/amkmk.rks-gov.net\/sr\/wp-json\/wp\/v2\/media?parent=63170"}],"wp:term":[{"taxonomy":"page-category","embeddable":true,"href":"https:\/\/amkmk.rks-gov.net\/sr\/wp-json\/wp\/v2\/page-category?post=63170"}],"curies":[{"name":"wp","href":"https:\/\/api.w.org\/{rel}","templated":true}]}}