{"id":63175,"date":"2025-12-04T09:01:14","date_gmt":"2025-12-04T08:01:14","guid":{"rendered":"https:\/\/amkmk.rks-gov.net\/departamenti-per-planifikim-projekte-dhe-menaxhim-te-kompleseve-memoriale\/"},"modified":"2025-12-11T09:11:33","modified_gmt":"2025-12-11T08:11:33","slug":"departamenti-per-planifikim-projekte-dhe-menaxhim-te-kompleseve-memoriale","status":"publish","type":"page","link":"https:\/\/amkmk.rks-gov.net\/sr\/departamenti-per-planifikim-projekte-dhe-menaxhim-te-kompleseve-memoriale\/","title":{"rendered":"Departamenti p\u00ebr Planifikim, Projekte dhe Menaxhim t\u00eb Kompleseve Memoriale"},"content":{"rendered":"\n<p>1. Detyrat dhe p\u00ebrgjegjesit\u00eb e Departamentit p\u00ebr Planifikim, Projekte dhe Menaxhim t\u00eb Komplekseve Memoriale jan\u00eb:<\/p>\n\n<p>1.1. Planifikon veprimet brenda zonave p\u00ebr nevojen e hartimit t\u00eb Planeve Hap\u00ebsinore dhe Urbane. B\u00ebn\u00eb hartimin, paraqet nevoj\u00ebn p\u00ebr hartim, pergatit materialin p\u00ebr nevojat e projekteve, dhe b\u00ebn\u00eb pranimin e projekteve nga kompanite q\u00eb b\u00ebjn\u00eb hartimin e projekteve. Poashtu, paraqet nevojen p\u00ebr ndryshime dhe d\u00ebrgon k\u00ebrkesat\u00b7p\u00ebr aprovim te Drejtorii Agjencis\u00eb;  <\/p>\n\n<p>1.2. Menaxhon ekzekutimin e pun\u00ebve dhe i projekteve n\u00eb terren, p\u00ebrgatit dokumentet p\u00ebr pagesa dhe harton Raportin e pranimit teknik t\u00eb pun\u00ebve;<\/p>\n\n<p>1.3. N\u00eb bashk\u00ebpunim me divizionin ligjor p\u00ebrgatit propozim vendimet p\u00ebr shpalljen e zonave me interes duke pas parasysh ngritjen e ndonj\u00eb kompleksi memorial. Po ashtu menaxhon me Komplekset memoriale. <\/p>\n\n<p>1.4. Siguron q\u00eb projektet t\u00eb jen\u00eb t\u00eb kompletuara p\u00ebr shfryt\u00ebzim adekuat t\u00eb tyre;<\/p>\n\n<p>1.5. Menaxhon dhe mir\u00ebmban informatat p\u00ebr Departamentin, asiston menaxhmentin n\u00eb organizimin e brendsh\u00ebm, ofron sh\u00ebrbime lidhur me menaxhimin, administrimin, mir\u00ebmbajtjen, ruajtjen dhe ngritjen e Komplekseve Memoriale n\u00eb Kosov\u00eb;<\/p>\n\n<p>1.6. Siguron funksionimin normal t\u00eb komplekseve memoriale;<\/p>\n\n<p>1.7. Koordinon p\u00ebrgatitjen, zbatimin, raportimin dhe vler\u00ebsimin e pun\u00ebve dhe p\u00ebrcakton nevojat dhe profilin p\u00ebr punesimin e n\u00ebpun\u00ebsve t\u00eb Departamentit;<\/p>\n\n<p>1.8. Koordinon zbatimin me koh\u00eb t\u00eb detyrimeve n\u00eb Komplekset Memoriale;<\/p>\n\n<p>1.9. Mir\u00ebmban Komplekset memoriale;<\/p>\n\n<p>1.10. Menaxhon sistemin e mir\u00ebmbajtjes dhe ruajtjes t\u00eb komplekseve memoriale si dhe leht\u00ebson menaxhimin e tyre duke p\u00ebrdorur metodat stimuluese;<\/p>\n\n<p>1.11. Ofron t\u00eb dh\u00ebnat p\u00ebr hartimin e revistes, broshurave, web-faqes dhe raportit vjetor;<\/p>\n\n<p>1.12. Ofron sh\u00ebrbime t\u00eb cilat kan\u00eb t\u00eb b\u00ebjne me \u00e7\u00ebshtje t\u00eb sigurise dhe funksionimit t\u00eb komplekseve memoriale;<\/p>\n\n<p>1.13. Merret me pergatitjet dhe manifestimet e ndryshme, p\u00ebrgatite ceremonit\u00eb festive dhe ato p\u00ebrkujtimore n\u00eb komplekse memoriale;<\/p>\n\n<p>1.14. Koordinon pun\u00ebt me p\u00ebrgjegj\u00ebsite n\u00eb komplekse memoriale.<\/p>\n\n<p>2. Drejtori i Departamentit p\u00ebr Planifikim, Porjekte dhe Meaxhim t\u00eb Komplekseve memoriale raporton tek Drejtori i Agjencis\u00eb<\/p>\n\n<p>3. N\u00eb kuad\u00ebr t\u00eb Departamentit p\u00ebr Planifikim, Projekte dhe Menaxhim t\u00eb Komplekseve memoriale b\u00ebjn\u00eb pjes\u00eb k\u00ebto Divizione:<\/p>\n\n<p>3.1. Divizioni p\u00ebr Planifikim dhe Projekte t\u00eb komplekseve memoriale;<\/p>\n\n<p>3.2. Divizioni p\u00ebr Menaxhim t\u00eb komplekseve memoriale.<\/p>\n\n<p>4. Numri i t\u00eb pun\u00ebsuarve n\u00eb Departamentin p\u00ebr Planifikim, Projekte dhe Menaxhim t\u00eb Komplekseve Memoriale \u00ebsht\u00eb nj\u00ebzet e n\u00ebnt\u00eb (29).<\/p>\n","protected":false},"excerpt":{"rendered":"<p>1. Detyrat dhe p\u00ebrgjegjesit\u00eb e Departamentit p\u00ebr Planifikim, Projekte dhe Menaxhim t\u00eb Komplekseve Memoriale jan\u00eb: 1.1. Planifikon veprimet brenda zonave p\u00ebr nevojen e hartimit t\u00eb Planeve Hap\u00ebsinore dhe Urbane. B\u00ebn\u00eb hartimin, paraqet nevoj\u00ebn p\u00ebr hartim, pergatit materialin p\u00ebr nevojat e projekteve, dhe b\u00ebn\u00eb pranimin e projekteve nga kompanite q\u00eb b\u00ebjn\u00eb hartimin e projekteve. Poashtu, paraqet [&hellip;]<\/p>\n","protected":false},"author":7,"featured_media":0,"parent":0,"menu_order":0,"comment_status":"closed","ping_status":"closed","template":"","meta":{"_acf_changed":false,"footnotes":""},"page-category":[],"class_list":["post-63175","page","type-page","status-publish","hentry"],"acf":[],"_links":{"self":[{"href":"https:\/\/amkmk.rks-gov.net\/sr\/wp-json\/wp\/v2\/pages\/63175","targetHints":{"allow":["GET"]}}],"collection":[{"href":"https:\/\/amkmk.rks-gov.net\/sr\/wp-json\/wp\/v2\/pages"}],"about":[{"href":"https:\/\/amkmk.rks-gov.net\/sr\/wp-json\/wp\/v2\/types\/page"}],"author":[{"embeddable":true,"href":"https:\/\/amkmk.rks-gov.net\/sr\/wp-json\/wp\/v2\/users\/7"}],"replies":[{"embeddable":true,"href":"https:\/\/amkmk.rks-gov.net\/sr\/wp-json\/wp\/v2\/comments?post=63175"}],"version-history":[{"count":1,"href":"https:\/\/amkmk.rks-gov.net\/sr\/wp-json\/wp\/v2\/pages\/63175\/revisions"}],"predecessor-version":[{"id":63176,"href":"https:\/\/amkmk.rks-gov.net\/sr\/wp-json\/wp\/v2\/pages\/63175\/revisions\/63176"}],"wp:attachment":[{"href":"https:\/\/amkmk.rks-gov.net\/sr\/wp-json\/wp\/v2\/media?parent=63175"}],"wp:term":[{"taxonomy":"page-category","embeddable":true,"href":"https:\/\/amkmk.rks-gov.net\/sr\/wp-json\/wp\/v2\/page-category?post=63175"}],"curies":[{"name":"wp","href":"https:\/\/api.w.org\/{rel}","templated":true}]}}