{"id":63197,"date":"2025-12-04T09:15:51","date_gmt":"2025-12-04T08:15:51","guid":{"rendered":"https:\/\/amkmk.rks-gov.net\/divizioni-i-prokurimit\/"},"modified":"2025-12-11T09:37:45","modified_gmt":"2025-12-11T08:37:45","slug":"divizioni-i-prokurimit","status":"publish","type":"page","link":"https:\/\/amkmk.rks-gov.net\/sr\/divizioni-i-prokurimit\/","title":{"rendered":"Divizioni i Prokurimit"},"content":{"rendered":"\n<p>1. Detyrat dhe p\u00ebrgjegjesit\u00eb e Divizionit t\u00eb Prokurimit jan\u00eb:<\/p>\n\n<p>1.1. P\u00ebrgatit, koordinon dhe zbaton planin vjetor t\u00eb Agjencis\u00eb n\u00eb fush\u00ebn e prokurimit publik, n\u00eb pajtim me legjislacionin n\u00eb fuqi;<\/p>\n\n<p>1.2. Siguron q\u00eb t\u00eb gjitha k\u00ebrkesat e prokurimit jan\u00eb p\u00ebrgatitur n\u00eb p\u00ebrputhje me rregullat dhe procedurat e prokurimit;<\/p>\n\n<p>1.3. P\u00ebrcakton metodologjin\u00eb e prokurimit p\u00ebr tender dhe procedurat e vler\u00ebsimit t\u00eb \u00e7mimeve, cakton komisionin p\u00ebr hapjen e ofertave dhe propozon komisionin p\u00ebr vler\u00ebsimin e ofertave, duke d\u00ebrguar propozimin p\u00ebr aprovim te drejtori i Agjencis\u00eb;<\/p>\n\n<p>1.4. Ofron k\u00ebshilla dhe asiston menaxhmentin n\u00eb marrjen e vendimeve lidhur me \u00e7\u00ebshtjet kontestuese q\u00eb mund t\u00eb dalin ne rastet e ekzekutimit t\u00eb kontratave.<\/p>\n\n<p>2. Udh\u00ebheqesii Divizionit t\u00eb Prokurimit raporton tek Drejtori i Agjencis\u00eb.<\/p>\n\n<p>3. Numri i t\u00eb punesuarve n\u00eb Divizionin e Prokurimit \u00ebsht\u00eb dy (2).<\/p>\n","protected":false},"excerpt":{"rendered":"<p>1. Detyrat dhe p\u00ebrgjegjesit\u00eb e Divizionit t\u00eb Prokurimit jan\u00eb: 1.1. P\u00ebrgatit, koordinon dhe zbaton planin vjetor t\u00eb Agjencis\u00eb n\u00eb fush\u00ebn e prokurimit publik, n\u00eb pajtim me legjislacionin n\u00eb fuqi; 1.2. Siguron q\u00eb t\u00eb gjitha k\u00ebrkesat e prokurimit jan\u00eb p\u00ebrgatitur n\u00eb p\u00ebrputhje me rregullat dhe procedurat e prokurimit; 1.3. P\u00ebrcakton metodologjin\u00eb e prokurimit p\u00ebr tender dhe [&hellip;]<\/p>\n","protected":false},"author":7,"featured_media":0,"parent":0,"menu_order":0,"comment_status":"closed","ping_status":"closed","template":"","meta":{"_acf_changed":false,"footnotes":""},"page-category":[],"class_list":["post-63197","page","type-page","status-publish","hentry"],"acf":[],"_links":{"self":[{"href":"https:\/\/amkmk.rks-gov.net\/sr\/wp-json\/wp\/v2\/pages\/63197","targetHints":{"allow":["GET"]}}],"collection":[{"href":"https:\/\/amkmk.rks-gov.net\/sr\/wp-json\/wp\/v2\/pages"}],"about":[{"href":"https:\/\/amkmk.rks-gov.net\/sr\/wp-json\/wp\/v2\/types\/page"}],"author":[{"embeddable":true,"href":"https:\/\/amkmk.rks-gov.net\/sr\/wp-json\/wp\/v2\/users\/7"}],"replies":[{"embeddable":true,"href":"https:\/\/amkmk.rks-gov.net\/sr\/wp-json\/wp\/v2\/comments?post=63197"}],"version-history":[{"count":1,"href":"https:\/\/amkmk.rks-gov.net\/sr\/wp-json\/wp\/v2\/pages\/63197\/revisions"}],"predecessor-version":[{"id":63198,"href":"https:\/\/amkmk.rks-gov.net\/sr\/wp-json\/wp\/v2\/pages\/63197\/revisions\/63198"}],"wp:attachment":[{"href":"https:\/\/amkmk.rks-gov.net\/sr\/wp-json\/wp\/v2\/media?parent=63197"}],"wp:term":[{"taxonomy":"page-category","embeddable":true,"href":"https:\/\/amkmk.rks-gov.net\/sr\/wp-json\/wp\/v2\/page-category?post=63197"}],"curies":[{"name":"wp","href":"https:\/\/api.w.org\/{rel}","templated":true}]}}