{"id":63206,"date":"2025-12-04T08:54:40","date_gmt":"2025-12-04T07:54:40","guid":{"rendered":"https:\/\/amkmk.rks-gov.net\/agjencia-per-menaxhimin-e-monumenteve-dhe-komplekseve-memoriale\/"},"modified":"2025-12-11T09:47:57","modified_gmt":"2025-12-11T08:47:57","slug":"agjencia-per-menaxhimin-e-monumenteve-dhe-komplekseve-memoriale","status":"publish","type":"page","link":"https:\/\/amkmk.rks-gov.net\/sr\/agjencia-per-menaxhimin-e-monumenteve-dhe-komplekseve-memoriale\/","title":{"rendered":"Agjencia p\u00ebr Menaxhimin e Monumenteve dhe Komplekseve Memoriale"},"content":{"rendered":"\n<p><strong>Statusi i Agjencis\u00eb<\/strong><br\/>AMMKM \u00ebsht\u00eb Agjenci Ekzekutive p\u00ebr projektimin, nd\u00ebrtimin, administrimin dhe menaxhimin e Komplekseve Memoriale.<\/p>\n\n<p><strong>Kompetencat e Agjencis\u00eb<\/strong><\/p>\n\n<ul class=\"wp-block-list\">\n<li> Agjencia \u00ebsht\u00eb p\u00ebrgjegj\u00ebse p\u00ebr menaxhimin e monumenteve dhe komplekseve memoriale t\u00eb shpallura me vendim t\u00eb Kuvendit si Zona me interes t\u00eb ve\u00e7ant\u00eb komb\u00ebtar\u00eb dhe m\u00eb karakter historik.<\/li>\n\n\n\n<li>Agjencia \u00ebsht\u00eb p\u00ebrgjegj\u00ebse p\u00ebr :\n<ul class=\"wp-block-list\">\n<li>Projektimin, nd\u00ebrtimin, administrimin dhe menaxhimin e Komplekseve Memoriale, n\u00eb p\u00ebrputhje me legjislacionin n\u00eb fuqi, standardet vendore dhe nd\u00ebrkomb\u00ebtare.<\/li>\n\n\n\n<li>P\u00ebrcakton programet k\u00ebrkimore \u2013 shkencore, aktivitetet dhe manifestimet e ndryshme, q\u00eb kan\u00eb t\u00eb b\u00ebjn\u00eb me zonat dhe historin\u00eb e tyre.<\/li>\n\n\n\n<li>Bashk\u00ebpunimin me institucionet qeveritare dhe organizatat e dala nga lufta e U\u00c7K-s\u00eb, Komunat p\u00ebrkat\u00ebse, Agjencit\u00eb turistike, p\u00ebr projektet q\u00eb kan\u00eb t\u00eb b\u00ebjn\u00eb me k\u00ebto zona.<\/li>\n\n\n\n<li>Krijimin e WEB-Faqes dhe mir\u00ebmbajtjen e lin\u00e7eve t\u00eb ve\u00e7anta p\u00ebr Komplekse memoriale, si dhe publikon revist\u00ebn vjetore.<\/li>\n\n\n\n<li>inicimin e procedur\u00ebn p\u00ebr shpalljen e Zonave me interes t\u00eb ve\u00e7ant\u00eb dhe p\u00ebrgatit\u00eb propozim vendimin p\u00ebr miratim n\u00eb Kuvend.<\/li>\n\n\n\n<li>Hartimin e planeve hap\u00ebsinore, urbane dhe rregulluese t\u00eb zonave me interes t\u00eb ve\u00e7ant\u00eb, q\u00eb kan\u00eb t\u00eb b\u00ebjn\u00eb me Komplekset memoriale.<\/li>\n\n\n\n<li>Hartimin e Planeve p\u00ebr Menaxhimin e Komplekseve Memoriale.<\/li>\n\n\n\n<li>Propozon shpalljen e Zonave m\u00eb interes t\u00eb ve\u00e7ant\u00eb komb\u00ebtar\u00eb dhe me karakter historik.<\/li>\n<\/ul>\n<\/li>\n\n\n\n<li>P\u00ebrcaktimi i Kritereve p\u00ebr Komplekset Memoriale, rregullohet m\u00eb akt n\u00ebnligjor.<\/li>\n<\/ul>\n","protected":false},"excerpt":{"rendered":"<p>Statusi i Agjencis\u00ebAMMKM \u00ebsht\u00eb Agjenci Ekzekutive p\u00ebr projektimin, nd\u00ebrtimin, administrimin dhe menaxhimin e Komplekseve Memoriale. Kompetencat e Agjencis\u00eb<\/p>\n","protected":false},"author":7,"featured_media":0,"parent":0,"menu_order":0,"comment_status":"closed","ping_status":"closed","template":"","meta":{"_acf_changed":false,"footnotes":""},"page-category":[],"class_list":["post-63206","page","type-page","status-publish","hentry"],"acf":[],"_links":{"self":[{"href":"https:\/\/amkmk.rks-gov.net\/sr\/wp-json\/wp\/v2\/pages\/63206","targetHints":{"allow":["GET"]}}],"collection":[{"href":"https:\/\/amkmk.rks-gov.net\/sr\/wp-json\/wp\/v2\/pages"}],"about":[{"href":"https:\/\/amkmk.rks-gov.net\/sr\/wp-json\/wp\/v2\/types\/page"}],"author":[{"embeddable":true,"href":"https:\/\/amkmk.rks-gov.net\/sr\/wp-json\/wp\/v2\/users\/7"}],"replies":[{"embeddable":true,"href":"https:\/\/amkmk.rks-gov.net\/sr\/wp-json\/wp\/v2\/comments?post=63206"}],"version-history":[{"count":1,"href":"https:\/\/amkmk.rks-gov.net\/sr\/wp-json\/wp\/v2\/pages\/63206\/revisions"}],"predecessor-version":[{"id":63207,"href":"https:\/\/amkmk.rks-gov.net\/sr\/wp-json\/wp\/v2\/pages\/63206\/revisions\/63207"}],"wp:attachment":[{"href":"https:\/\/amkmk.rks-gov.net\/sr\/wp-json\/wp\/v2\/media?parent=63206"}],"wp:term":[{"taxonomy":"page-category","embeddable":true,"href":"https:\/\/amkmk.rks-gov.net\/sr\/wp-json\/wp\/v2\/page-category?post=63206"}],"curies":[{"name":"wp","href":"https:\/\/api.w.org\/{rel}","templated":true}]}}